{"id":2,"date":"2024-12-04T08:36:18","date_gmt":"2024-12-04T08:36:18","guid":{"rendered":"https:\/\/valcelmat.eu\/?page_id=2"},"modified":"2024-12-19T14:44:24","modified_gmt":"2024-12-19T13:44:24","slug":"project","status":"publish","type":"page","link":"https:\/\/valcelmat.eu\/fr\/project\/","title":{"rendered":"Le Projet ValCelMat"},"content":{"rendered":"<p>VALCELMAT vise via l\u2019innovation et la recherche appliqu\u00e9e \u00e0 soutenir les entreprises, la croissance et la relance de l\u2019activit\u00e9 \u00e9conomique. L'objectif principal est de concevoir \u00e0 l'\u00e9chelle pilote de nouveaux mat\u00e9riaux qui pourront alors \u00eatre de nouveaux modes de packaging, textiles et mat\u00e9riaux composites plus \u00e9coresponsables. Cette philosophie s'accompagnant bien \u00e9videmment d'une d\u00e9marche non seulement \u00e9coresponsable mais \u00e9galement soci\u00e9tale.<\/p>\n\n\n\n<p>Du point de vue scientifique, le projet VALCELMAT vise \u00e0 <strong>valoriser la cellulose<\/strong>, l'un des polysaccharides le plus abondant et renouvelable sur la plan\u00e8te <strong>dans de nouvelles applications comme les emballages, les textiles et les additifs pour les bioplastiques et les biocomposites<\/strong> au sens large. La cellulose, extraite facilement et \u00e0 moindre cout de la biomasse v\u00e9g\u00e9tale,  sera modifi\u00e9e de fa\u00e7on \u00e9coresponsable par des proc\u00e9d\u00e9s de chimie durable ou par voie enzymatique, pour lui conf\u00e9rer de nouvelles fonctionnalit\u00e9s (barri\u00e8re aux micro-organismes, barri\u00e8re aux gaz, r\u00e9sistance \u00e0 l'humidit\u00e9 et au feu) tout en conservant ses propri\u00e9t\u00e9s intrins\u00e8ques (absence de toxicit\u00e9 et biod\u00e9gradation). Les modifications seront effectu\u00e9es via des proc\u00e9d\u00e9s innovants, respectueux de l\u2019environnement, en batch et continus par extrusion r\u00e9active notamment avec toujours la notion d'extrapolation d'\u00e9chelle pour des applications de march\u00e9. Les b\u00e9n\u00e9ficiaires apr\u00e8s ce projet seront des entit\u00e9s du monde papetier, textile et plastique, donc des champs d'applications diversifi\u00e9s ce qui laisse entrevoir des d\u00e9veloppements \u00e9conomiques pour les territoires du fait de la pr\u00e9sence de ce type d'industries dans la zone d'impact de VALCELMAT.<\/p>\n\n\n\n<figure class=\"wp-block-image size-large\"><img loading=\"lazy\" decoding=\"async\" width=\"1024\" height=\"400\" src=\"https:\/\/valcelmat.eu\/wp-content\/uploads\/2024\/12\/VALCELMAT-poster-image-Copy-1024x400.png\" alt=\"\" class=\"wp-image-78\" srcset=\"https:\/\/valcelmat.eu\/wp-content\/uploads\/2024\/12\/VALCELMAT-poster-image-Copy-1024x400.png 1024w, https:\/\/valcelmat.eu\/wp-content\/uploads\/2024\/12\/VALCELMAT-poster-image-Copy-300x117.png 300w, https:\/\/valcelmat.eu\/wp-content\/uploads\/2024\/12\/VALCELMAT-poster-image-Copy-768x300.png 768w, https:\/\/valcelmat.eu\/wp-content\/uploads\/2024\/12\/VALCELMAT-poster-image-Copy-1536x599.png 1536w, https:\/\/valcelmat.eu\/wp-content\/uploads\/2024\/12\/VALCELMAT-poster-image-Copy-2048x799.png 2048w\" sizes=\"auto, (max-width: 1024px) 100vw, 1024px\" \/><\/figure>\n\n\n\n<p>Notre approche demande des interconnexions de diff\u00e9rentes comp\u00e9tences tant humaines que mat\u00e9rielles. Pour mener \u00e0 terme ce projet, nous avons donc mis en place un consortium de partenaires acad\u00e9miques, industriels ou institutionnels r\u00e9partis g\u00e9ographiquement sur l'ensemble de la zone d'impact du programme.<\/p>\n\n\n\n<p>L'aspect innovant de notre projet VALCELMAT par les diff\u00e9rents mat\u00e9riaux vis\u00e9s par introduction ou enduction de compos\u00e9s biosourc\u00e9s modifi\u00e9s est un plus. En effet, ici plusieurs march\u00e9s sont cibl\u00e9s et nous ne souhaitons pas concevoir un produit pour un domaine et un seul, mais concevoir des compos\u00e9s analogues\/homologues pour ainsi viser plusieurs applications. Le cot\u00e9 applicatif de notre projet est un \u00e9l\u00e9ment essentiel, et nous gardons constamment \u00e0 l'esprit la possibilit\u00e9 et l'obligation de pouvoir produire \u00e0 plus grande \u00e9chelle.<\/p>\n\n\n\n<p class=\"has-featured-color has-light-green-cyan-background-color has-text-color has-background has-link-color wp-elements-a4f646b671271d7397c692e0b8609098\">Budget total: 2.752.108,45 \u20ac<br>Budget FEDER: 1.651.265,06 \u20ac<br>Dur\u00e9e: 48 mois<br>Date de d\u00e9but: 1 octobre 2024<\/p>\n\n\n\n<p><\/p>\n\n\n\n<blockquote class=\"wp-block-quote is-layout-flow wp-block-quote-is-layout-flow\"><\/blockquote>\n\n\n\n<blockquote class=\"wp-block-quote is-layout-flow wp-block-quote-is-layout-flow\"><\/blockquote>\n\n\n\n<p><\/p>","protected":false},"excerpt":{"rendered":"<p>Door middel van innovatie en toegepast onderzoek wil VALCELMAT bedrijven, groei en de heropleving van economische activiteit ondersteunen. Het hoofddoel is om op proefschaal nieuwe materialen te ontwerpen die vervolgens kunnen worden gebruikt als nieuwe, meer milieuvriendelijke manieren van verpakking, textiel en composietmaterialen. Uiteraard gaat deze filosofie hand in hand met een aanpak die niet [&hellip;]<\/p>","protected":false},"author":1,"featured_media":0,"parent":0,"menu_order":0,"comment_status":"closed","ping_status":"open","template":"","meta":{"iawp_total_views":471,"footnotes":""},"class_list":["post-2","page","type-page","status-publish","hentry"],"_links":{"self":[{"href":"https:\/\/valcelmat.eu\/fr\/wp-json\/wp\/v2\/pages\/2","targetHints":{"allow":["GET"]}}],"collection":[{"href":"https:\/\/valcelmat.eu\/fr\/wp-json\/wp\/v2\/pages"}],"about":[{"href":"https:\/\/valcelmat.eu\/fr\/wp-json\/wp\/v2\/types\/page"}],"author":[{"embeddable":true,"href":"https:\/\/valcelmat.eu\/fr\/wp-json\/wp\/v2\/users\/1"}],"replies":[{"embeddable":true,"href":"https:\/\/valcelmat.eu\/fr\/wp-json\/wp\/v2\/comments?post=2"}],"version-history":[{"count":2,"href":"https:\/\/valcelmat.eu\/fr\/wp-json\/wp\/v2\/pages\/2\/revisions"}],"predecessor-version":[{"id":79,"href":"https:\/\/valcelmat.eu\/fr\/wp-json\/wp\/v2\/pages\/2\/revisions\/79"}],"wp:attachment":[{"href":"https:\/\/valcelmat.eu\/fr\/wp-json\/wp\/v2\/media?parent=2"}],"curies":[{"name":"wp","href":"https:\/\/api.w.org\/{rel}","templated":true}]}}