{"id":54,"date":"2024-12-11T15:33:39","date_gmt":"2024-12-11T14:33:39","guid":{"rendered":"https:\/\/valcelmat.eu\/?page_id=54"},"modified":"2026-02-13T12:21:23","modified_gmt":"2026-02-13T11:21:23","slug":"partners","status":"publish","type":"page","link":"https:\/\/valcelmat.eu\/fr\/partners\/","title":{"rendered":"Partenaires"},"content":{"rendered":"<div class=\"wp-block-media-text is-stacked-on-mobile\" style=\"grid-template-columns:21% auto\"><figure class=\"wp-block-media-text__media\"><img loading=\"lazy\" decoding=\"async\" width=\"1024\" height=\"565\" src=\"https:\/\/valcelmat.eu\/wp-content\/uploads\/2024\/12\/UNIV-ARTOIS-LOGO-RVB-1024x565.jpg\" alt=\"\" class=\"wp-image-31 size-full\" srcset=\"https:\/\/valcelmat.eu\/wp-content\/uploads\/2024\/12\/UNIV-ARTOIS-LOGO-RVB-1024x565.jpg 1024w, https:\/\/valcelmat.eu\/wp-content\/uploads\/2024\/12\/UNIV-ARTOIS-LOGO-RVB-300x166.jpg 300w, https:\/\/valcelmat.eu\/wp-content\/uploads\/2024\/12\/UNIV-ARTOIS-LOGO-RVB-768x424.jpg 768w, https:\/\/valcelmat.eu\/wp-content\/uploads\/2024\/12\/UNIV-ARTOIS-LOGO-RVB.jpg 1181w\" sizes=\"auto, (max-width: 1024px) 100vw, 1024px\" \/><\/figure><div class=\"wp-block-media-text__content\">\n<p class=\"has-superbfont-xsmall-font-size\">Depuis plus de 20 ans, des Enseignants-Chercheurs et Chercheurs de l'Universit\u00e9 d'Artois se sont positionn\u00e9s comme des acteurs cl\u00e9s dans le domaine de la chimie biosourc\u00e9e en R\u00e9gion Hauts-de-France : extraction de biomol\u00e9cules, caract\u00e9risation, fonctionnalisation et conception notamment de mat\u00e9riaux biosourc\u00e9s.<\/p>\n\n\n\n<p class=\"has-superbfont-xsmall-font-size\">Les travaux d\u00e9velopp\u00e9s au sein de l\u2019UTA UArtois (ULR7519), s\u2019inscrivent au c\u0153ur des grands enjeux de la Chimie Biosourc\u00e9e, de la Bio\u00e9conomie et de l\u2019\u00c9co-conception inspir\u00e9e des principes naturels, avec pour ambition de contribuer \u00e0 un futur durable par la Recherche de produits naturels, bio-inspir\u00e9s et\/ou biobas\u00e9s, respectueux de l'environnement et des contraintes d'utilisation et de production industrielle.<\/p>\n\n\n\n<p class=\"has-superbfont-xsmall-font-size\">Ainsi, \u00e0 partir de polym\u00e8res naturels (v\u00e9g\u00e9taux, champignons, algues) modifi\u00e9s par greffage d\u2019entit\u00e9s d\u2019origine v\u00e9g\u00e9tale ou algale, nous concevons, dans notre laboratoire situ\u00e9 \u00e0 IUT de B\u00e9thune - Universit\u00e9 d'Artois, des mat\u00e9riaux innovants : translucides, souples, hydrophobes, et aux propri\u00e9t\u00e9s barri\u00e8res, m\u00e9caniques, et thermiques ma\u00eetris\u00e9es.<\/p>\n\n\n\n<p class=\"has-superbfont-xsmall-font-size\">Dans le cadre du projet VALCELMAT, et forte de ces comp\u00e9tences, l\u2019Universit\u00e9 d\u2019Artois, Chef de file du projet, fonctionnalisera la cellulose de divers sourcing ainsi que des mat\u00e9riaux cellulosiques, afin de lui conf\u00e9rer de nouvelles fonctionnalit\u00e9s, par des proc\u00e9d\u00e9s de chimie verte en \"batch\", pour alimenter les diff\u00e9rents op\u00e9rateurs du projet.<\/p>\n\n\n\n<p><a href=\"http:\/\/www.univ-artois.fr\" data-type=\"link\" data-id=\"www.univ-artois.fr\">www.univ-artois.fr<\/a><\/p>\n<\/div><\/div>\n\n\n\n<hr class=\"wp-block-separator has-alpha-channel-opacity\"\/>\n\n\n\n<div class=\"wp-block-media-text is-stacked-on-mobile\" style=\"grid-template-columns:21% auto\"><figure class=\"wp-block-media-text__media\"><img loading=\"lazy\" decoding=\"async\" width=\"1024\" height=\"582\" src=\"https:\/\/valcelmat.eu\/wp-content\/uploads\/2024\/12\/logo-mano-1024x582.jpg\" alt=\"\" class=\"wp-image-32 size-full\" srcset=\"https:\/\/valcelmat.eu\/wp-content\/uploads\/2024\/12\/logo-mano-1024x582.jpg 1024w, https:\/\/valcelmat.eu\/wp-content\/uploads\/2024\/12\/logo-mano-300x170.jpg 300w, https:\/\/valcelmat.eu\/wp-content\/uploads\/2024\/12\/logo-mano-768x436.jpg 768w, https:\/\/valcelmat.eu\/wp-content\/uploads\/2024\/12\/logo-mano-1536x872.jpg 1536w, https:\/\/valcelmat.eu\/wp-content\/uploads\/2024\/12\/logo-mano-2048x1163.jpg 2048w\" sizes=\"auto, (max-width: 1024px) 100vw, 1024px\" \/><\/figure><div class=\"wp-block-media-text__content\">\n<p class=\"has-superbfont-xsmall-font-size\">Materia Nova est un centre de recherche d\u00e9di\u00e9 au d\u00e9veloppement de mat\u00e9riaux durables. Il assure le transfert de technologies entre le monde de la recherche fondamentale et celui de l\u2019industrie, gr\u00e2ce \u00e0 ses \u00e9quipes multidisciplinaires, son parc d'\u00e9quipements de pointe et leurs expertises scientifiques et techniques dans le d\u00e9veloppement des mat\u00e9riaux et surfaces innovantes.<\/p>\n\n\n\n<p class=\"has-superbfont-xsmall-font-size\">Le centre poss\u00e8de une exp\u00e9rience de plus de 20 ans dans la synth\u00e8se chimique et production contr\u00f4l\u00e9e de nouvelles architectures macromol\u00e9culaires et additifs \u00e0 structures contr\u00f4l\u00e9es, l'extraction et la transformation de ressources renouvelables pour d\u00e9velopper des additifs \u00e0 hautes valeurs ajout\u00e9es, comme des bio-retardateurs de flamme par exemple. Le centre dispose \u00e9galement d'un parc d'\u00e9quipements de synth\u00e8se et de caract\u00e9risation structurales des polym\u00e8res, monom\u00e8res et mol\u00e9cules organiques. Il met au profil du projet \u00e9galement ces comp\u00e9tences et \u00e9quipements dans le domaine du d\u00e9veloppement de proc\u00e9d\u00e9s de synth\u00e8se et modification chimique des mat\u00e9riaux par extrusion r\u00e9active, pour transposer les synth\u00e8se en r\u00e9acteur vers des modifications par ce proc\u00e9d\u00e9 continu. En effet, l'extrusion r\u00e9active est un proc\u00e9d\u00e9 vert qui permet de s\u2019affranchir de l\u2019utilisation de solvants organiques et permet de limiter les \u00e9tapes de purification des mat\u00e9riaux obtenus.<\/p>\n\n\n\n<p><a href=\"http:\/\/www.materianova.be\">www.materianova.be<\/a><\/p>\n<\/div><\/div>\n\n\n\n<hr class=\"wp-block-separator has-alpha-channel-opacity\"\/>\n\n\n\n<div class=\"wp-block-media-text is-stacked-on-mobile\" style=\"grid-template-columns:21% auto\"><figure class=\"wp-block-media-text__media\"><img loading=\"lazy\" decoding=\"async\" width=\"900\" height=\"500\" src=\"https:\/\/valcelmat.eu\/wp-content\/uploads\/2024\/12\/hogent-1.png\" alt=\"\" class=\"wp-image-33 size-full\" srcset=\"https:\/\/valcelmat.eu\/wp-content\/uploads\/2024\/12\/hogent-1.png 900w, https:\/\/valcelmat.eu\/wp-content\/uploads\/2024\/12\/hogent-1-300x167.png 300w, https:\/\/valcelmat.eu\/wp-content\/uploads\/2024\/12\/hogent-1-768x427.png 768w\" sizes=\"auto, (max-width: 900px) 100vw, 900px\" \/><\/figure><div class=\"wp-block-media-text__content\">\n<p class=\"has-superbfont-xsmall-font-size\">FTILab+, un centre de recherche de HOGENT, se consacre \u00e0 la r\u00e9alisation de recherches appliqu\u00e9es ax\u00e9es sur les industries du textile et de l'habillement. Dans toutes nos activit\u00e9s, nous accordons un grande importance \u00e0 l'impact soci\u00e9tal et au objectifs de d\u00e9veloppement durable des Nations Unies. Notre expertise multidisciplinaire est, entre autres, engag\u00e9e dans les caract\u00e9ristiques de confort et de protection des textiles. L' approche peut \u00eatre \u00e0 la fois bas\u00e9 sur le design ainsi que sur les mat\u00e9riaux intelligents et fonctionnels.<\/p>\n\n\n\n<p class=\"has-superbfont-xsmall-font-size\">FTILab+ dispose d\u2019expertises et d\u2019une vaste infrastructure pour l'extraction de fibres cellulosiques \u00e0 partir de diff\u00e9rentes sources. Au cours de plusieurs projets, le groupe de recherche a travaill\u00e9 sur des technologies d'extraction et de traitement des fibres \u00e9conomiques et respectueuses de l'environnement pour but de d\u00e9veloper  des produits textiles. Cela comprend des m\u00e9thodes optimis\u00e9es d'extraction chimique, enzymatique et m\u00e9canique des fibres \u00e0 partir de cultures et de flux r\u00e9siduels v\u00e9g\u00e9taux. Nous nous concentrons actuellement sur le chanvre, le houblon et le soja. En outre, nous disposons d' exp\u00e9riences et d'infrastructures pour la filature de fibres et la transformation de fils en tissus et tricots pour diff\u00e9rentes applications (textiles techniques, ameublement, v\u00eatements).<\/p>\n\n\n\n<p><a href=\"https:\/\/www.hogent.be\/onderzoekscentra\/ftilab\/\">www.hogent.be\/onderzoekscentra\/ftilab\/<\/a><\/p>\n<\/div><\/div>\n\n\n\n<hr class=\"wp-block-separator has-alpha-channel-opacity\"\/>\n\n\n\n<div class=\"wp-block-media-text is-stacked-on-mobile\" style=\"grid-template-columns:21% auto\"><figure class=\"wp-block-media-text__media\"><img loading=\"lazy\" decoding=\"async\" width=\"928\" height=\"1024\" src=\"https:\/\/valcelmat.eu\/wp-content\/uploads\/2024\/12\/Logoupjv-bleu-928x1024.png\" alt=\"\" class=\"wp-image-34 size-full\" srcset=\"https:\/\/valcelmat.eu\/wp-content\/uploads\/2024\/12\/Logoupjv-bleu-928x1024.png 928w, https:\/\/valcelmat.eu\/wp-content\/uploads\/2024\/12\/Logoupjv-bleu-272x300.png 272w, https:\/\/valcelmat.eu\/wp-content\/uploads\/2024\/12\/Logoupjv-bleu-768x847.png 768w, https:\/\/valcelmat.eu\/wp-content\/uploads\/2024\/12\/Logoupjv-bleu.png 1200w\" sizes=\"auto, (max-width: 928px) 100vw, 928px\" \/><\/figure><div class=\"wp-block-media-text__content\">\n<p class=\"has-superbfont-xsmall-font-size\">L'unit\u00e9 de recherche G\u00e9nie Enzymatique et Cellulaire (GEC) UMR-CNRS 7025 a acquis une solide r\u00e9putation nationale et internationale dans le domaine des biotechnologies : biocatalyse, mat\u00e9riaux bio\u2010sourc\u00e9s, mol\u00e9cules et biomim\u00e9tiques. Dans le domaine de la recherche en bioraffinerie, la question de la valorisation de la plante enti\u00e8re a \u00e9t\u00e9 abord\u00e9e par la mise en \u0153uvre d'une approche biochimique (pr\u00e9\u2010traitement \u00ab doux \u00bb, saccharification enzymatique et fermentation microbienne) dans un contexte de Bioressources et de Bioinspiration.<\/p>\n\n\n\n<p><a href=\"https:\/\/www.u-picardie.fr\/\">www.u-picardie.fr<\/a><\/p>\n<\/div><\/div>\n\n\n\n<hr class=\"wp-block-separator has-alpha-channel-opacity\"\/>\n\n\n\n<div class=\"wp-block-media-text is-stacked-on-mobile\" style=\"grid-template-columns:21% auto\"><figure class=\"wp-block-media-text__media\"><img loading=\"lazy\" decoding=\"async\" width=\"1024\" height=\"819\" src=\"https:\/\/valcelmat.eu\/wp-content\/uploads\/2024\/12\/logo_UGent_EN_RGB_2400_color-1024x819.png\" alt=\"\" class=\"wp-image-35 size-full\" srcset=\"https:\/\/valcelmat.eu\/wp-content\/uploads\/2024\/12\/logo_UGent_EN_RGB_2400_color-1024x819.png 1024w, https:\/\/valcelmat.eu\/wp-content\/uploads\/2024\/12\/logo_UGent_EN_RGB_2400_color-300x240.png 300w, https:\/\/valcelmat.eu\/wp-content\/uploads\/2024\/12\/logo_UGent_EN_RGB_2400_color-768x615.png 768w, https:\/\/valcelmat.eu\/wp-content\/uploads\/2024\/12\/logo_UGent_EN_RGB_2400_color-1536x1229.png 1536w, https:\/\/valcelmat.eu\/wp-content\/uploads\/2024\/12\/logo_UGent_EN_RGB_2400_color-2048x1639.png 2048w\" sizes=\"auto, (max-width: 1024px) 100vw, 1024px\" \/><\/figure><div class=\"wp-block-media-text__content\">\n<p class=\"has-superbfont-xsmall-font-size\">Les activit\u00e9s de recherche du CTSE ont un caract\u00e8re multidisciplinaire et introduisent plusieurs nouvelles technologies dans l'industrie textile. Les principaux axes de recherche sont (i) la technologie des fibres et des polym\u00e8res ; (ii) la mod\u00e9lisation des mat\u00e9riaux et des processus ; (iii) les essais et l'analyse ; et (iv) les textiles fonctionnels et leurs applications. La durabilit\u00e9 est un pilier essentiel de la recherche men\u00e9e au CTSE. Cela va de l'optimisation de l'efficacit\u00e9 \u00e9nerg\u00e9tique de la production \u00e0 l'analyse des mati\u00e8res et auxiliaires naturels, en passant par l'utilisation de proc\u00e9d\u00e9s de production \u00e0 base d'eau et sans solvant, ainsi que le recyclage de divers flux de d\u00e9chets textiles, etc.<\/p>\n\n\n\n<p class=\"has-superbfont-xsmall-font-size\">Au sein de ce projet, l'expertise du groupe \u00ab Centre for Textile Science and Engineering \u00bb dans l'\u00e9lectro-filage est d'un int\u00e9r\u00eat primordial. Dans ce domaine, le groupe dispose de l'expertise et de l'appareillage pour diff\u00e9rentes applications. Des dispositifs mono-buse ou multi-buses sont disponibles, avec diff\u00e9rents types de collecteurs et si n\u00e9cessaire, d'installations climatis\u00e9es. Il dispose \u00e9galement de l'\u00e9quipement n\u00e9cessaire \u00e0 une caract\u00e9risation morphologique (MEB), \u00e0 une caract\u00e9risation chimique (FTIR, DSC, DVS,...) ainsi qu'\u00e0 une caract\u00e9risation m\u00e9canique (MEB in-situ, essais de traction, DMA).<\/p>\n\n\n\n<p><a href=\"https:\/\/textiles.ugent.be\/\">www.textiles.ugent.be<\/a><\/p>\n<\/div><\/div>\n\n\n\n<h2 class=\"wp-block-heading has-superbfont-large-font-size\">Op\u00e9rateurs associ\u00e9s<\/h2>\n\n\n\n<ul class=\"wp-block-list\">\n<li><a href=\"https:\/\/www.arteveldehogeschool.be\/\">Arteveldehogeschool<\/a><\/li>\n\n\n\n<li><a href=\"https:\/\/www.bioeconomyforchange.eu\/\">Bioeconomy For Change<\/a><\/li>\n\n\n\n<li><a href=\"https:\/\/www.plastium.fr\/\">Plastium<\/a><\/li>\n\n\n\n<li><a href=\"https:\/\/euramaterials.eu\/\">EuraMaterials<\/a><\/li>\n\n\n\n<li><a href=\"https:\/\/www.fedustria.be\/\">Fedustria<\/a><\/li>\n\n\n\n<li><a href=\"https:\/\/www.greenwin.be\/\" data-type=\"link\" data-id=\"https:\/\/www.greenwin.be\/\">GreenWin<\/a><\/li>\n\n\n\n<li><a href=\"https:\/\/clusters.wallonie.be\/plastiwin\">PlastiWin<\/a><\/li>\n\n\n\n<li><a href=\"https:\/\/www.valbiom.be\/\">Valbiom<\/a><\/li>\n<\/ul>\n\n\n\n<h2 class=\"wp-block-heading has-superbfont-large-font-size\">Avec le soutien de<\/h2>\n\n\n\n<div class=\"wp-block-media-text is-stacked-on-mobile\" style=\"grid-template-columns:22% auto\"><figure class=\"wp-block-media-text__media\"><img loading=\"lazy\" decoding=\"async\" width=\"1024\" height=\"198\" src=\"https:\/\/valcelmat.eu\/wp-content\/uploads\/2024\/12\/pov-logo-rgb-1024x198.png\" alt=\"\" class=\"wp-image-36 size-full\" srcset=\"https:\/\/valcelmat.eu\/wp-content\/uploads\/2024\/12\/pov-logo-rgb-1024x198.png 1024w, https:\/\/valcelmat.eu\/wp-content\/uploads\/2024\/12\/pov-logo-rgb-300x58.png 300w, https:\/\/valcelmat.eu\/wp-content\/uploads\/2024\/12\/pov-logo-rgb-768x149.png 768w, https:\/\/valcelmat.eu\/wp-content\/uploads\/2024\/12\/pov-logo-rgb.png 1205w\" sizes=\"auto, (max-width: 1024px) 100vw, 1024px\" \/><\/figure><div class=\"wp-block-media-text__content\">\n<p>Provincie Oost-Vlaanderen<\/p>\n<\/div><\/div>\n\n\n\n<div class=\"wp-block-media-text is-stacked-on-mobile\" style=\"grid-template-columns:22% auto\"><figure class=\"wp-block-media-text__media\"><img loading=\"lazy\" decoding=\"async\" width=\"1024\" height=\"1024\" src=\"https:\/\/valcelmat.eu\/wp-content\/uploads\/2024\/12\/wallonie-region-1024x1024.jpg\" alt=\"\" class=\"wp-image-38 size-full\" srcset=\"https:\/\/valcelmat.eu\/wp-content\/uploads\/2024\/12\/wallonie-region-1024x1024.jpg 1024w, https:\/\/valcelmat.eu\/wp-content\/uploads\/2024\/12\/wallonie-region-300x300.jpg 300w, https:\/\/valcelmat.eu\/wp-content\/uploads\/2024\/12\/wallonie-region-150x150.jpg 150w, https:\/\/valcelmat.eu\/wp-content\/uploads\/2024\/12\/wallonie-region-768x768.jpg 768w, https:\/\/valcelmat.eu\/wp-content\/uploads\/2024\/12\/wallonie-region.jpg 1500w\" sizes=\"auto, (max-width: 1024px) 100vw, 1024px\" \/><\/figure><div class=\"wp-block-media-text__content\">\n<p>R\u00e9gion Wallonne<\/p>\n<\/div><\/div>\n\n\n\n<div class=\"wp-block-media-text is-stacked-on-mobile\" style=\"grid-template-columns:22% auto\"><figure class=\"wp-block-media-text__media\"><img loading=\"lazy\" decoding=\"async\" width=\"911\" height=\"355\" src=\"https:\/\/valcelmat.eu\/wp-content\/uploads\/2024\/12\/VLAIO_sponsorlogo_vol.png\" alt=\"\" class=\"wp-image-242 size-full\" srcset=\"https:\/\/valcelmat.eu\/wp-content\/uploads\/2024\/12\/VLAIO_sponsorlogo_vol.png 911w, https:\/\/valcelmat.eu\/wp-content\/uploads\/2024\/12\/VLAIO_sponsorlogo_vol-300x117.png 300w, https:\/\/valcelmat.eu\/wp-content\/uploads\/2024\/12\/VLAIO_sponsorlogo_vol-768x299.png 768w, https:\/\/valcelmat.eu\/wp-content\/uploads\/2024\/12\/VLAIO_sponsorlogo_vol-18x7.png 18w\" sizes=\"auto, (max-width: 911px) 100vw, 911px\" \/><\/figure><div class=\"wp-block-media-text__content\">\n<p>Vlaamse Overheid &#8211; Agentschap Innoveren &amp; Ondernemen<\/p>\n<\/div><\/div>\n\n\n\n<figure class=\"wp-block-image size-full\"><a href=\"https:\/\/www.interreg-fwvl.eu\/\"><img loading=\"lazy\" decoding=\"async\" width=\"918\" height=\"236\" src=\"https:\/\/valcelmat.eu\/wp-content\/uploads\/2025\/01\/interreg-FWVL-banner-FR.png\" alt=\"\" class=\"wp-image-107\" srcset=\"https:\/\/valcelmat.eu\/wp-content\/uploads\/2025\/01\/interreg-FWVL-banner-FR.png 1193w, https:\/\/valcelmat.eu\/wp-content\/uploads\/2025\/01\/interreg-FWVL-banner-FR-300x78.png 300w, https:\/\/valcelmat.eu\/wp-content\/uploads\/2025\/01\/interreg-FWVL-banner-FR-1024x265.png 1024w, https:\/\/valcelmat.eu\/wp-content\/uploads\/2025\/01\/interreg-FWVL-banner-FR-768x199.png 768w, https:\/\/valcelmat.eu\/wp-content\/uploads\/2025\/01\/interreg-FWVL-banner-FR-18x5.png 18w\" sizes=\"auto, (max-width: 918px) 100vw, 918px\" \/><\/a><\/figure>\n\n\n\n<hr class=\"wp-block-separator has-alpha-channel-opacity\"\/>\n\n\n\n<h2 class=\"wp-block-heading has-superbfont-large-font-size\">Projets fr\u00e8res<\/h2>\n\n\n\n<div class=\"wp-block-columns is-layout-flex wp-container-core-columns-is-layout-28f84493 wp-block-columns-is-layout-flex\">\n<div class=\"wp-block-column is-layout-flow wp-block-column-is-layout-flow\">\n<figure class=\"wp-block-image size-full\"><a href=\"https:\/\/www.compovert-interreg.eu\/en\/\"><img loading=\"lazy\" decoding=\"async\" width=\"300\" height=\"138\" src=\"https:\/\/valcelmat.eu\/wp-content\/uploads\/2025\/11\/logo-COMPOVERT-RVB-redim-300x138-1.jpg\" alt=\"\" class=\"wp-image-247\" srcset=\"https:\/\/valcelmat.eu\/wp-content\/uploads\/2025\/11\/logo-COMPOVERT-RVB-redim-300x138-1.jpg 300w, https:\/\/valcelmat.eu\/wp-content\/uploads\/2025\/11\/logo-COMPOVERT-RVB-redim-300x138-1-18x8.jpg 18w\" sizes=\"auto, (max-width: 300px) 100vw, 300px\" \/><\/a><\/figure>\n<\/div>\n\n\n\n<div class=\"wp-block-column is-layout-flow wp-block-column-is-layout-flow\">\n<figure class=\"wp-block-image size-full\"><a href=\"https:\/\/www.interreg-fwvl.eu\/nl\/projecten\/van-organisch-afval-naar-chemische-bouwstenen-biogas-een-geintegreerde-bio-chemische\"><img loading=\"lazy\" decoding=\"async\" width=\"300\" height=\"138\" src=\"https:\/\/valcelmat.eu\/wp-content\/uploads\/2025\/11\/logo-obiwan-rvb.jpg\" alt=\"\" class=\"wp-image-248\" srcset=\"https:\/\/valcelmat.eu\/wp-content\/uploads\/2025\/11\/logo-obiwan-rvb.jpg 300w, https:\/\/valcelmat.eu\/wp-content\/uploads\/2025\/11\/logo-obiwan-rvb-18x8.jpg 18w\" sizes=\"auto, (max-width: 300px) 100vw, 300px\" \/><\/a><\/figure>\n<\/div>\n<\/div>\n\n\n\n<p><\/p>\n\n\n\n<p><\/p>","protected":false},"excerpt":{"rendered":"<p>Al meer dan 20 jaar positioneren onderwijzer-onderzoekers en onderzoekers van de Universiteit van Artois zich als belangrijke spelers op het gebied van biogebaseerde chemie in de regio Hauts-de-France: extractie van biomoleculen, karakterisering, functionalisering en ontwerp, met name van biologische materialen. Het werk ontwikkeld binnen UTA UArtois (ULR7519), staat centraal in de grote uitdagingen van biogebaseerde [&hellip;]<\/p>\n","protected":false},"author":2,"featured_media":0,"parent":0,"menu_order":0,"comment_status":"closed","ping_status":"closed","template":"","meta":{"iawp_total_views":366,"footnotes":""},"class_list":["post-54","page","type-page","status-publish","hentry"],"_links":{"self":[{"href":"https:\/\/valcelmat.eu\/fr\/wp-json\/wp\/v2\/pages\/54","targetHints":{"allow":["GET"]}}],"collection":[{"href":"https:\/\/valcelmat.eu\/fr\/wp-json\/wp\/v2\/pages"}],"about":[{"href":"https:\/\/valcelmat.eu\/fr\/wp-json\/wp\/v2\/types\/page"}],"author":[{"embeddable":true,"href":"https:\/\/valcelmat.eu\/fr\/wp-json\/wp\/v2\/users\/2"}],"replies":[{"embeddable":true,"href":"https:\/\/valcelmat.eu\/fr\/wp-json\/wp\/v2\/comments?post=54"}],"version-history":[{"count":12,"href":"https:\/\/valcelmat.eu\/fr\/wp-json\/wp\/v2\/pages\/54\/revisions"}],"predecessor-version":[{"id":280,"href":"https:\/\/valcelmat.eu\/fr\/wp-json\/wp\/v2\/pages\/54\/revisions\/280"}],"wp:attachment":[{"href":"https:\/\/valcelmat.eu\/fr\/wp-json\/wp\/v2\/media?parent=54"}],"curies":[{"name":"wp","href":"https:\/\/api.w.org\/{rel}","templated":true}]}}